{"id":2420,"date":"2016-01-29T09:51:22","date_gmt":"2016-01-29T09:51:22","guid":{"rendered":"https:\/\/pirinplast.com\/home\/"},"modified":"2026-03-23T07:58:19","modified_gmt":"2026-03-23T07:58:19","slug":"home","status":"publish","type":"page","link":"https:\/\/pirinplast.com\/it\/","title":{"rendered":"Home"},"content":{"rendered":"<div class=\"wpb-content-wrapper\"><p>[vc_row css=&#8221;.vc_custom_1769293826827{padding-top: 64px !important;}&#8221;][vc_column]<div id=\"ultimate-heading-494069e159be7a36d\" class=\"uvc-heading ult-adjust-bottom-margin ultimate-heading-494069e159be7a36d uvc-3054 \" data-hspacer=\"line_only\"  data-halign=\"center\" style=\"text-align:center\"><div class=\"uvc-main-heading ult-responsive\"  data-ultimate-target='.uvc-heading.ultimate-heading-494069e159be7a36d h2'  data-responsive-json-new='{\"font-size\":\"desktop:35px;\",\"line-height\":\"desktop:40px;\"}' ><h2 style=\"font-weight:bold;margin-bottom:15px;\">La tradizione incontra l&#039;innovazione<\/h2><\/div><div class=\"uvc-heading-spacer line_only\" style=\"topheight:5px;\"><span class=\"uvc-headings-line\" style=\"border-style:solid;border-bottom-width:5px;border-color:#028375;width:200px;\"><\/span><\/div><div class=\"uvc-sub-heading ult-responsive\"  data-ultimate-target='.uvc-heading.ultimate-heading-494069e159be7a36d .uvc-sub-heading '  data-responsive-json-new='{\"font-size\":\"\",\"line-height\":\"\"}'  style=\"font-weight:normal;margin-top:15px;\">Dalla nostra fondazione, Pirinplast unisce decenni di esperienza di una produzione moderna per offrire prodotti in plastica che definiscono gli standard del settore. Dai sistemi di imballaggio intelligenti agli articoli riutilizzabili prodotti su larga scala, serviamo i mercati globali con un&#8217;affidabilit\u00e0 costante.<\/div><\/div>[vc_empty_space height=&#8221;32&#8243;][\/vc_column][\/vc_row][vc_row el_class=&#8221;sm-eq-row&#8221; css=&#8221;.vc_custom_1769293831627{padding-bottom: 64px !important;}&#8221;][vc_column width=&#8221;1\/3&#8243; el_class=&#8221;sm-vcenter-col&#8221;][vc_column_text css=&#8221;&#8221; el_class=&#8221;sm-vcenter-col&#8221;]<\/p>\n<div class=\"pirin-stat-wrapper\">\n<div class=\"pirin-stat-label\">\n<h3>Anni<\/h3>\n<h3>di esperienza<\/h3>\n<\/div>\n<div class=\"pirin-stat-number\">\n<h1>50<\/h1>\n<\/div>\n<\/div>\n<p>[\/vc_column_text][\/vc_column][vc_column width=&#8221;2\/3&#8243; el_class=&#8221;sm-vcenter-col&#8221;][vc_column_text css=&#8221;&#8221;]<\/p>\n<p style=\"text-align: justify;\"><strong>Pirinplast<\/strong> si \u00e8 affermata come produttore leader di articoli in plastica, riconosciuto in tutto il mondo per la fornitura di soluzioni di imballaggio complete. La nostra gamma di prodotti risponde alle esigenze sofisticate di diversi settori, tra cui l&#8217;imballaggio industriale, la sanit\u00e0, la lavorazione alimentare, l&#8217;industria del vetro, l&#8217;automotive e l&#8217;agricoltura. Con radici profonde in tutta Europa, oltre il 95% della nostra produzione viene esportata nei mercati dell&#8217;UE e internazionali.<\/p>\n<p>[\/vc_column_text][\/vc_column][\/vc_row][vc_row full_width=&#8221;stretch_row&#8221; type=&#8221;vc_default&#8221; margin_top=&#8221;-6&#8243; margin_bottom=&#8221;24&#8243; css=&#8221;.vc_custom_1769293890999{padding-top: 80px !important;padding-bottom: 0px !important;background-color: #F6F6F6 !important;}&#8221;][vc_column width=&#8221;1\/2&#8243; offset=&#8221;vc_col-lg-4 vc_col-md-4&#8243; css=&#8221;.vc_custom_1769288997432{padding-bottom: 50px !important;}&#8221;]<div class=\"aio-icon-component  vc_custom_1772306781469  accent-icon-bg style_1\"><div id=\"Info-box-wrap-3878\" class=\"aio-icon-box top-icon\" style=\"\"  ><div class=\"aio-icon-top\"><div class=\"ult-just-icon-wrapper  \"><div class=\"align-icon\" style=\"text-align:center;\">\n<div class=\"aio-icon-img \" style=\"font-size:80px;display:inline-block;\" >\n\t<img decoding=\"async\" class=\"img-icon\" alt=\"null\" src=\"https:\/\/pirinplast.com\/wp-content\/uploads\/2026\/02\/premium-badge-green.png\"\/>\n<\/div><\/div><\/div><\/div><div class=\"aio-icon-header\" ><h3 class=\"aio-icon-title ult-responsive\"  data-ultimate-target='#Info-box-wrap-3878 .aio-icon-title'  data-responsive-json-new='{\"font-size\":\"desktop:20px;\",\"line-height\":\"desktop:30px;\"}'  style=\"\">Qualit\u00e0<\/h3><\/div> <!-- header --><div class=\"aio-icon-description ult-responsive\"  data-ultimate-target='#Info-box-wrap-3878 .aio-icon-description'  data-responsive-json-new='{\"font-size\":\"\",\"line-height\":\"\"}'  style=\"\"><\/p>\n<p style=\"text-align: justify;\">I nostri prodotti in plastica sono progettati per soddisfare i pi\u00f9 elevati standard del settore. Ogni articolo che produciamo \u00e8 costruito per offrire prestazioni, longevit\u00e0 e impatto visivo, ed \u00e8 progettato pensando al riutilizzo e alla riciclabilit\u00e0. <\/p>\n<p><\/div> <!-- description --><\/div> <!-- aio-icon-box --><\/div> <!-- aio-icon-component -->[\/vc_column][vc_column width=&#8221;1\/2&#8243; offset=&#8221;vc_col-lg-4 vc_col-md-4&#8243; css=&#8221;.vc_custom_1769289017555{padding-bottom: 50px !important;}&#8221;]<div class=\"aio-icon-component  vc_custom_1772306787957  accent-icon-bg style_1\"><div id=\"Info-box-wrap-8917\" class=\"aio-icon-box top-icon\" style=\"\"  ><div class=\"aio-icon-top\"><div class=\"ult-just-icon-wrapper  \"><div class=\"align-icon\" style=\"text-align:center;\">\n<div class=\"aio-icon-img \" style=\"font-size:80px;display:inline-block;\" >\n\t<img decoding=\"async\" class=\"img-icon\" alt=\"null\" src=\"https:\/\/pirinplast.com\/wp-content\/uploads\/2026\/02\/connection-green.png\"\/>\n<\/div><\/div><\/div><\/div><div class=\"aio-icon-header\" ><h3 class=\"aio-icon-title ult-responsive\"  data-ultimate-target='#Info-box-wrap-8917 .aio-icon-title'  data-responsive-json-new='{\"font-size\":\"desktop:20px;\",\"line-height\":\"desktop:30px;\"}'  style=\"\">Produzione avanzata<\/h3><\/div> <!-- header --><div class=\"aio-icon-description ult-responsive\"  data-ultimate-target='#Info-box-wrap-8917 .aio-icon-description'  data-responsive-json-new='{\"font-size\":\"\",\"line-height\":\"\"}'  style=\"\"><\/p>\n<p style=\"text-align: justify;\">La nostra produzione si affida a tecnologie avanzate per garantire precisione ed elevata produttivit\u00e0. In circa 17.000 m\u00b2 di strutture moderne, gestiamo linee di estrusione, apparecchiature per lo stampaggio a iniezione e soffiaggio e unit\u00e0 di riciclaggio dedicate. <\/p>\n<p><\/div> <!-- description --><\/div> <!-- aio-icon-box --><\/div> <!-- aio-icon-component -->[\/vc_column][vc_column width=&#8221;1\/2&#8243; offset=&#8221;vc_col-lg-4 vc_col-md-4&#8243; css=&#8221;.vc_custom_1769289025549{padding-bottom: 50px !important;}&#8221;]<div class=\"aio-icon-component  vc_custom_1772306794700  accent-icon-bg style_1\"><div id=\"Info-box-wrap-3309\" class=\"aio-icon-box top-icon\" style=\"\"  ><div class=\"aio-icon-top\"><div class=\"ult-just-icon-wrapper  \"><div class=\"align-icon\" style=\"text-align:center;\">\n<div class=\"aio-icon-img \" style=\"font-size:80px;display:inline-block;\" >\n\t<img decoding=\"async\" class=\"img-icon\" alt=\"null\" src=\"https:\/\/pirinplast.com\/wp-content\/uploads\/2026\/02\/reuse-green.png\"\/>\n<\/div><\/div><\/div><\/div><div class=\"aio-icon-header\" ><h3 class=\"aio-icon-title ult-responsive\"  data-ultimate-target='#Info-box-wrap-3309 .aio-icon-title'  data-responsive-json-new='{\"font-size\":\"desktop:20px;\",\"line-height\":\"desktop:30px;\"}'  style=\"\">Sostenibilit\u00e0<\/h3><\/div> <!-- header --><div class=\"aio-icon-description ult-responsive\"  data-ultimate-target='#Info-box-wrap-3309 .aio-icon-description'  data-responsive-json-new='{\"font-size\":\"\",\"line-height\":\"\"}'  style=\"\"><\/p>\n<p style=\"text-align: justify;\">La responsabilit\u00e0 ambientale \u00e8 parte integrante del nostro modo di operare. Dal 2019, la nostra energia proviene interamente da fonti rinnovabili tramite sistemi fotovoltaici in loco. Gestiamo linee di riciclaggio interne e fabbrichiamo prodotti utilizzando materiali riciclati e biodegradabili, come parte del nostro impegno per l&#8217;economia circolare.  <\/p>\n<p><\/div> <!-- description --><\/div> <!-- aio-icon-box --><\/div> <!-- aio-icon-component -->[\/vc_column][\/vc_row][vc_row full_width=&#8221;stretch_row&#8221; type=&#8221;vc_default&#8221; css=&#8221;.vc_custom_1772326744022{padding-top: 60px !important;padding-bottom: 40px !important;}&#8221; el_class=&#8221;row-cta-amber&#8221;][vc_column][vc_column_text css=&#8221;&#8221;]<\/p>\n<div class=\"pirin-cta-container\">\n<div class=\"pirin-cta-eyebrow\">Ottieni subito le risposte che contano<\/div>\n<p class=\"pirin-cta-headline\">Ti occupi di acquisti, catene di distribuzione, operazioni produttive?<br \/>\nContattaci per RFQ, campioni di prodotto o specifiche.<\/p>\n<div class=\"pirin-cta-button-wrap\">\n<div class=\"sm_cta_button_wrap\"><a class=\"sm_cta_button_amber\" href=\"https:\/\/pirinplast.com\/it\/contatti\/\">CONTATTO \/ RFQ<\/a><\/div>\n<\/div>\n<\/div>\n<p>[\/vc_column_text][\/vc_column][\/vc_row][vc_row][vc_column][vc_empty_space height=&#8221;64&#8243;]<div id=\"ultimate-heading-751769e159be7aa57\" class=\"uvc-heading ult-adjust-bottom-margin ultimate-heading-751769e159be7aa57 uvc-3703 \" data-hspacer=\"line_only\"  data-halign=\"center\" style=\"text-align:center\"><div class=\"uvc-main-heading ult-responsive\"  data-ultimate-target='.uvc-heading.ultimate-heading-751769e159be7aa57 h2'  data-responsive-json-new='{\"font-size\":\"desktop:35px;\",\"line-height\":\"desktop:40px;\"}' ><h2 style=\"font-weight:bold;margin-bottom:15px;\">I nostri prodotti<\/h2><\/div><div class=\"uvc-heading-spacer line_only\" style=\"topheight:5px;\"><span class=\"uvc-headings-line\" style=\"border-style:solid;border-bottom-width:5px;border-color:#028375;width:200px;\"><\/span><\/div><div class=\"uvc-sub-heading ult-responsive\"  data-ultimate-target='.uvc-heading.ultimate-heading-751769e159be7aa57 .uvc-sub-heading '  data-responsive-json-new='{\"font-size\":\"\",\"line-height\":\"\"}'  style=\"font-weight:normal;margin-top:15px;\">Produciamo una gamma completa di articoli progettati per applicazioni industriali e professionali:<\/div><\/div>[vc_empty_space height=&#8221;32&#8243;][\/vc_column][\/vc_row][vc_row equal_height=&#8221;yes&#8221; css=&#8221;.vc_custom_1769369465388{margin-bottom: 64px !important;}&#8221;][vc_column][vc_row_inner equal_height=&#8221;yes&#8221; content_placement=&#8221;middle&#8221; gap=&#8221;30&#8243; css=&#8221;.vc_custom_1575376546455{padding-right: 25px !important;padding-left: 25px !important;}&#8221;][vc_column_inner el_class=&#8221;sm-clickable-column&#8221; width=&#8221;2\/3&#8243; css=&#8221;.vc_custom_1772689444710{padding-top: 170px !important;padding-right: 10% !important;padding-bottom: 170px !important;padding-left: 10% !important;background-image: url(https:\/\/pirinplast.com\/wp-content\/uploads\/2026\/02\/colorful-sheets.jpg?id=1880) !important;background-position: center !important;background-repeat: no-repeat !important;background-size: cover !important;}&#8221;][vc_raw_html css=&#8221;.vc_custom_1772689551287{margin-bottom: 0px !important;}&#8221;]PGEgaHJlZj0iaHR0cHM6Ly93d3cucGlyaW5wbGFzdC5jb20vdmVscGxhc3RpYy1hcHBzLyIgY2xhc3M9InNtLWNvbHVtbi1saW5rIj48L2E+[\/vc_raw_html][\/vc_column_inner][vc_column_inner el_class=&#8221;sm-clickable-column&#8221; width=&#8221;1\/3&#8243; css=&#8221;.vc_custom_1772689448617{padding-top: 15% !important;padding-right: 10% !important;padding-bottom: 15% !important;padding-left: 10% !important;background-color: #028375 !important;}&#8221;]<div id=\"ultimate-heading-462469e159be7aaab\" class=\"uvc-heading ult-adjust-bottom-margin ultimate-heading-462469e159be7aaab uvc-5980 \" data-hspacer=\"no_spacer\"  data-halign=\"left\" style=\"text-align:left\"><div class=\"uvc-heading-spacer no_spacer\" style=\"top\"><\/div><div class=\"uvc-main-heading ult-responsive\"  data-ultimate-target='.uvc-heading.ultimate-heading-462469e159be7aaab h2'  data-responsive-json-new='{\"font-size\":\"desktop:30px;\",\"line-height\":\"desktop:40px;\"}' ><h2 style=\"font-weight:bold;color:#ffffff;margin-bottom:20px;\">Lastre ondulate VELPLASTIC\u00ae<\/h2><\/div><div class=\"uvc-sub-heading ult-responsive\"  data-ultimate-target='.uvc-heading.ultimate-heading-462469e159be7aaab .uvc-sub-heading '  data-responsive-json-new='{\"font-size\":\"\",\"line-height\":\"\"}'  style=\"font-weight:normal;color:rgba(255,255,255,0.7);\">Pannelli in polipropilene alveolare caratterizzati da una struttura interna a coste che offre una resistenza eccezionale con un peso minimo, progettati per imballaggi protettivi e applicazioni edilizie.<\/div><\/div>[vc_raw_html css=&#8221;.vc_custom_1772689556305{margin-bottom: 0px !important;}&#8221;]PGEgaHJlZj0iaHR0cHM6Ly93d3cucGlyaW5wbGFzdC5jb20vdmVscGxhc3RpYy1hcHBzLyIgY2xhc3M9InNtLWNvbHVtbi1saW5rIj48L2E+[\/vc_raw_html][\/vc_column_inner][\/vc_row_inner][vc_row_inner equal_height=&#8221;yes&#8221; content_placement=&#8221;middle&#8221; gap=&#8221;30&#8243; css=&#8221;.vc_custom_1575377532487{padding-right: 25px !important;padding-left: 25px !important;}&#8221; el_class=&#8221;phone-reverse-col&#8221;][vc_column_inner el_class=&#8221;sm-clickable-column&#8221; width=&#8221;1\/3&#8243; css=&#8221;.vc_custom_1772689668344{padding-top: 15% !important;padding-right: 10% !important;padding-bottom: 15% !important;padding-left: 10% !important;background-color: #028375 !important;}&#8221;]<div id=\"ultimate-heading-675669e159be7aaed\" class=\"uvc-heading ult-adjust-bottom-margin ultimate-heading-675669e159be7aaed uvc-4609 \" data-hspacer=\"no_spacer\"  data-halign=\"left\" style=\"text-align:left\"><div class=\"uvc-heading-spacer no_spacer\" style=\"top\"><\/div><div class=\"uvc-main-heading ult-responsive\"  data-ultimate-target='.uvc-heading.ultimate-heading-675669e159be7aaed h2'  data-responsive-json-new='{\"font-size\":\"desktop:30px;\",\"line-height\":\"desktop:40px;\"}' ><h2 style=\"font-weight:bold;color:#ffffff;margin-bottom:20px;\">Reti polimeriche<\/h2><\/div><div class=\"uvc-sub-heading ult-responsive\"  data-ultimate-target='.uvc-heading.ultimate-heading-675669e159be7aaed .uvc-sub-heading '  data-responsive-json-new='{\"font-size\":\"\",\"line-height\":\"\"}'  style=\"font-weight:normal;color:rgba(255,255,255,0.7);\">Reti in plastica estrusa progettate per scopi protettivi, agricoli ed edilizi, realizzate per resistere a condizioni atmosferiche avverse.<\/div><\/div>[vc_raw_html css=&#8221;.vc_custom_1772689803117{margin-bottom: 0px !important;}&#8221;]PGEgaHJlZj0iaHR0cHM6Ly93d3cucGlyaW5wbGFzdC5jb20vcG9seW1lci1uZXR0aW5ncy8iIGNsYXNzPSJzbS1jb2x1bW4tbGluayI+PC9hPg==[\/vc_raw_html][\/vc_column_inner][vc_column_inner el_class=&#8221;sm-clickable-column&#8221; width=&#8221;2\/3&#8243; css=&#8221;.vc_custom_1772689673616{padding-top: 170px !important;padding-right: 10% !important;padding-bottom: 170px !important;padding-left: 10% !important;background-image: url(https:\/\/pirinplast.com\/wp-content\/uploads\/2026\/02\/green-net-rolls.jpg?id=1881) !important;background-position: center !important;background-repeat: no-repeat !important;background-size: cover !important;}&#8221;][vc_raw_html css=&#8221;.vc_custom_1772689803117{margin-bottom: 0px !important;}&#8221;]PGEgaHJlZj0iaHR0cHM6Ly93d3cucGlyaW5wbGFzdC5jb20vcG9seW1lci1uZXR0aW5ncy8iIGNsYXNzPSJzbS1jb2x1bW4tbGluayI+PC9hPg==[\/vc_raw_html][\/vc_column_inner][\/vc_row_inner][vc_row_inner equal_height=&#8221;yes&#8221; content_placement=&#8221;middle&#8221; gap=&#8221;30&#8243; css=&#8221;.vc_custom_1575376546455{padding-right: 25px !important;padding-left: 25px !important;}&#8221;][vc_column_inner el_class=&#8221;sm-clickable-column&#8221; width=&#8221;2\/3&#8243; css=&#8221;.vc_custom_1772689680082{padding-top: 170px !important;padding-right: 10% !important;padding-bottom: 170px !important;padding-left: 10% !important;background-image: url(https:\/\/pirinplast.com\/wp-content\/uploads\/2026\/02\/injection-molded-kitchenware.jpg?id=1882) !important;background-position: center !important;background-repeat: no-repeat !important;background-size: cover !important;}&#8221;][vc_raw_html css=&#8221;.vc_custom_1772689891958{margin-bottom: 0px !important;}&#8221;]PGEgaHJlZj0iaHR0cHM6Ly93d3cucGlyaW5wbGFzdC5jb20vaW5qZWN0aW9uLW1vbGRlZC8iIGNsYXNzPSJzbS1jb2x1bW4tbGluayI+PC9hPg==[\/vc_raw_html][\/vc_column_inner][vc_column_inner el_class=&#8221;sm-clickable-column&#8221; width=&#8221;1\/3&#8243; css=&#8221;.vc_custom_1772689726096{padding-top: 15% !important;padding-right: 10% !important;padding-bottom: 15% !important;padding-left: 10% !important;background-color: #028375 !important;}&#8221;]<div id=\"ultimate-heading-720769e159be7ab25\" class=\"uvc-heading ult-adjust-bottom-margin ultimate-heading-720769e159be7ab25 uvc-8775 \" data-hspacer=\"no_spacer\"  data-halign=\"left\" style=\"text-align:left\"><div class=\"uvc-heading-spacer no_spacer\" style=\"top\"><\/div><div class=\"uvc-main-heading ult-responsive\"  data-ultimate-target='.uvc-heading.ultimate-heading-720769e159be7ab25 h2'  data-responsive-json-new='{\"font-size\":\"desktop:30px;\",\"line-height\":\"desktop:40px;\"}' ><h2 style=\"font-weight:bold;color:#ffffff;margin-bottom:20px;\">Prodotti stampati<\/h2><\/div><div class=\"uvc-sub-heading ult-responsive\"  data-ultimate-target='.uvc-heading.ultimate-heading-720769e159be7ab25 .uvc-sub-heading '  data-responsive-json-new='{\"font-size\":\"\",\"line-height\":\"\"}'  style=\"font-weight:normal;color:rgba(255,255,255,0.7);\">Un ampio catalogo di plastiche stampate a iniezione e soffiaggio, che spazia dai contenitori per lo stoccaggio e casse per la logistica fino agli articoli per la casa di uso quotidiano e componenti tecnici realizzati su misura.<\/div><\/div>[vc_raw_html css=&#8221;.vc_custom_1772689891958{margin-bottom: 0px !important;}&#8221;]PGEgaHJlZj0iaHR0cHM6Ly93d3cucGlyaW5wbGFzdC5jb20vaW5qZWN0aW9uLW1vbGRlZC8iIGNsYXNzPSJzbS1jb2x1bW4tbGluayI+PC9hPg==[\/vc_raw_html][\/vc_column_inner][\/vc_row_inner][vc_row_inner equal_height=&#8221;yes&#8221; content_placement=&#8221;middle&#8221; gap=&#8221;30&#8243; css=&#8221;.vc_custom_1575377532487{padding-right: 25px !important;padding-left: 25px !important;}&#8221; el_class=&#8221;phone-reverse-col&#8221;][vc_column_inner el_class=&#8221;sm-clickable-column&#8221; width=&#8221;1\/3&#8243; css=&#8221;.vc_custom_1772689700483{padding-top: 15% !important;padding-right: 10% !important;padding-bottom: 15% !important;padding-left: 10% !important;background-color: #028375 !important;}&#8221;]<div id=\"ultimate-heading-331269e159be7ab5b\" class=\"uvc-heading ult-adjust-bottom-margin ultimate-heading-331269e159be7ab5b uvc-1743 \" data-hspacer=\"no_spacer\"  data-halign=\"left\" style=\"text-align:left\"><div class=\"uvc-heading-spacer no_spacer\" style=\"top\"><\/div><div class=\"uvc-main-heading ult-responsive\"  data-ultimate-target='.uvc-heading.ultimate-heading-331269e159be7ab5b h2'  data-responsive-json-new='{\"font-size\":\"desktop:30px;\",\"line-height\":\"desktop:40px;\"}' ><h2 style=\"font-weight:bold;color:#ffffff;margin-bottom:20px;\">Posate monouso<\/h2><\/div><div class=\"uvc-sub-heading ult-responsive\"  data-ultimate-target='.uvc-heading.ultimate-heading-331269e159be7ab5b .uvc-sub-heading '  data-responsive-json-new='{\"font-size\":\"\",\"line-height\":\"\"}'  style=\"font-weight:normal;color:rgba(255,255,255,0.7);\">Cucchiai e utensili da portata in plastica convenzionale, con opzioni biodegradabili e riutilizzabili disponibili, sviluppati per il settore della ristorazione e del catering.<\/div><\/div>[vc_raw_html css=&#8221;.vc_custom_1772689916378{margin-bottom: 0px !important;}&#8221;]PGEgaHJlZj0iaHR0cHM6Ly93d3cucGlyaW5wbGFzdC5jb20vY3V0bGVyeS8iIGNsYXNzPSJzbS1jb2x1bW4tbGluayI+PC9hPg==[\/vc_raw_html][\/vc_column_inner][vc_column_inner el_class=&#8221;sm-clickable-column&#8221; width=&#8221;2\/3&#8243; css=&#8221;.vc_custom_1772689728931{padding-top: 170px !important;padding-right: 10% !important;padding-bottom: 170px !important;padding-left: 10% !important;background-image: url(https:\/\/pirinplast.com\/wp-content\/uploads\/2026\/02\/utensils-in-row2.jpg?id=1879) !important;background-position: center !important;background-repeat: no-repeat !important;background-size: cover !important;}&#8221;][vc_raw_html css=&#8221;.vc_custom_1772689916378{margin-bottom: 0px !important;}&#8221;]PGEgaHJlZj0iaHR0cHM6Ly93d3cucGlyaW5wbGFzdC5jb20vY3V0bGVyeS8iIGNsYXNzPSJzbS1jb2x1bW4tbGluayI+PC9hPg==[\/vc_raw_html][\/vc_column_inner][\/vc_row_inner][\/vc_column][\/vc_row]<\/p>\n<\/div>","protected":false},"excerpt":{"rendered":"<p>[vc_row css=&#8221;.vc_custom_1769293826827{padding-top: 64px !important;}&#8221;][vc_column][vc_empty_space height=&#8221;32&#8243;][\/vc_column][\/vc_row][vc_row el_class=&#8221;sm-eq-row&#8221; css=&#8221;.vc_custom_1769293831627{padding-bottom: 64px !important;}&#8221;][vc_column width=&#8221;1\/3&#8243; el_class=&#8221;sm-vcenter-col&#8221;][vc_column_text css=&#8221;&#8221; el_class=&#8221;sm-vcenter-col&#8221;] Anni di esperienza 50 [\/vc_column_text][\/vc_column][vc_column width=&#8221;2\/3&#8243; el_class=&#8221;sm-vcenter-col&#8221;][vc_column_text css=&#8221;&#8221;] Pirinplast si \u00e8 affermata come produttore leader di articoli in plastica, riconosciuto in tutto il mondo per la fornitura di soluzioni di imballaggio complete. La nostra gamma di prodotti risponde alle esigenze sofisticate di&hellip;<\/p>\n","protected":false},"author":1,"featured_media":0,"parent":0,"menu_order":0,"comment_status":"closed","ping_status":"closed","template":"","meta":{"footnotes":""},"class_list":["post-2420","page","type-page","status-publish","hentry","description-off"],"_links":{"self":[{"href":"https:\/\/pirinplast.com\/it\/wp-json\/wp\/v2\/pages\/2420","targetHints":{"allow":["GET"]}}],"collection":[{"href":"https:\/\/pirinplast.com\/it\/wp-json\/wp\/v2\/pages"}],"about":[{"href":"https:\/\/pirinplast.com\/it\/wp-json\/wp\/v2\/types\/page"}],"author":[{"embeddable":true,"href":"https:\/\/pirinplast.com\/it\/wp-json\/wp\/v2\/users\/1"}],"replies":[{"embeddable":true,"href":"https:\/\/pirinplast.com\/it\/wp-json\/wp\/v2\/comments?post=2420"}],"version-history":[{"count":56,"href":"https:\/\/pirinplast.com\/it\/wp-json\/wp\/v2\/pages\/2420\/revisions"}],"predecessor-version":[{"id":3326,"href":"https:\/\/pirinplast.com\/it\/wp-json\/wp\/v2\/pages\/2420\/revisions\/3326"}],"wp:attachment":[{"href":"https:\/\/pirinplast.com\/it\/wp-json\/wp\/v2\/media?parent=2420"}],"curies":[{"name":"wp","href":"https:\/\/api.w.org\/{rel}","templated":true}]}}